{"id":875,"date":"2023-08-11T11:14:58","date_gmt":"2023-08-11T11:14:58","guid":{"rendered":"https:\/\/woodly.ecom.themepreview.xyz\/home01\/?page_id=875"},"modified":"2025-10-06T06:05:51","modified_gmt":"2025-10-06T09:05:51","slug":"contacto","status":"publish","type":"page","link":"https:\/\/ilumros.com.ar\/es\/contacto\/","title":{"rendered":"Contacto"},"content":{"rendered":"<div data-elementor-type=\"wp-page\" data-elementor-id=\"875\" class=\"elementor elementor-875\" data-elementor-post-type=\"page\">\n\t\t\t\t<div class=\"elementor-element elementor-element-6c5c49c e-con-full e-flex e-con e-parent\" data-id=\"6c5c49c\" data-element_type=\"container\" data-e-type=\"container\">\n\t\t<div class=\"elementor-element elementor-element-56245f2 e-con-full e-flex e-con e-child\" data-id=\"56245f2\" data-element_type=\"container\" data-e-type=\"container\">\n\t\t\t\t<div class=\"elementor-element elementor-element-455fde2 elementor-widget elementor-widget-heading\" data-id=\"455fde2\" data-element_type=\"widget\" data-e-type=\"widget\" data-widget_type=\"heading.default\">\n\t\t\t\t<div class=\"elementor-widget-container\">\n\t\t\t\t\t<h2 class=\"elementor-heading-title elementor-size-default\">Env\u00edanos tu consulta<\/h2>\t\t\t\t<\/div>\n\t\t\t\t<\/div>\n\t\t\t\t<\/div>\n\t\t\t\t<\/div>\n\t\t<div class=\"elementor-element elementor-element-3efc58a e-flex e-con-boxed e-con e-parent\" data-id=\"3efc58a\" data-element_type=\"container\" data-e-type=\"container\">\n\t\t\t\t\t<div class=\"e-con-inner\">\n\t\t<div class=\"elementor-element elementor-element-edd9923 e-con-full e-flex e-con e-child\" data-id=\"edd9923\" data-element_type=\"container\" data-e-type=\"container\">\n\t\t\t\t<div class=\"elementor-element elementor-element-eda4523 elementor-widget elementor-widget-text-editor\" data-id=\"eda4523\" data-element_type=\"widget\" data-e-type=\"widget\" data-widget_type=\"text-editor.default\">\n\t\t\t\t<div class=\"elementor-widget-container\">\n\t\t\t\t\t\t\t\t\t<p>En <strong data-start=\"941\" data-end=\"952\">ILUMROS<\/strong> brindamos soluciones en iluminaci\u00f3n con atenci\u00f3n personalizada y respuesta \u00e1gil. Complet\u00e1 el formulario o escribinos por WhatsApp para recibir tu cotizaci\u00f3n sin compromiso.<\/p>\t\t\t\t\t\t\t\t<\/div>\n\t\t\t\t<\/div>\n\t\t<div class=\"elementor-element elementor-element-3c3aa79 e-con-full e-flex e-con e-child\" data-id=\"3c3aa79\" data-element_type=\"container\" data-e-type=\"container\">\n\t\t<div class=\"elementor-element elementor-element-b91764d e-con-full e-flex e-con e-child\" data-id=\"b91764d\" data-element_type=\"container\" data-e-type=\"container\">\n\t\t\t\t<div class=\"elementor-element elementor-element-f939ab2 elementor-icon-list--layout-traditional elementor-list-item-link-full_width elementor-widget elementor-widget-icon-list\" data-id=\"f939ab2\" data-element_type=\"widget\" data-e-type=\"widget\" data-widget_type=\"icon-list.default\">\n\t\t\t\t<div class=\"elementor-widget-container\">\n\t\t\t\t\t\t\t<ul class=\"elementor-icon-list-items\">\n\t\t\t\t\t\t\t<li class=\"elementor-icon-list-item\">\n\t\t\t\t\t\t\t\t\t\t\t<span class=\"elementor-icon-list-icon\">\n\t\t\t\t\t\t\t<i aria-hidden=\"true\" class=\"isax icon-location1\"><\/i>\t\t\t\t\t\t<\/span>\n\t\t\t\t\t\t\t\t\t\t<span class=\"elementor-icon-list-text\">Pje Thorne 5573<\/span>\n\t\t\t\t\t\t\t\t\t<\/li>\n\t\t\t\t\t\t\t\t<li class=\"elementor-icon-list-item\">\n\t\t\t\t\t\t\t\t\t\t\t<span class=\"elementor-icon-list-icon\">\n\t\t\t\t\t\t\t<i aria-hidden=\"true\" class=\"isax icon-map1\"><\/i>\t\t\t\t\t\t<\/span>\n\t\t\t\t\t\t\t\t\t\t<span class=\"elementor-icon-list-text\">Ciudad: Rosario (2000)<\/span>\n\t\t\t\t\t\t\t\t\t<\/li>\n\t\t\t\t\t\t<\/ul>\n\t\t\t\t\t\t<\/div>\n\t\t\t\t<\/div>\n\t\t\t\t<\/div>\n\t\t\t\t<\/div>\n\t\t<div class=\"elementor-element elementor-element-6c5c6e8 e-con-full e-flex e-con e-child\" data-id=\"6c5c6e8\" data-element_type=\"container\" data-e-type=\"container\">\n\t\t<div class=\"elementor-element elementor-element-b0e1e84 e-con-full e-flex e-con e-child\" data-id=\"b0e1e84\" data-element_type=\"container\" data-e-type=\"container\">\n\t\t\t\t<div class=\"elementor-element elementor-element-ec13e49 elementor-icon-list--layout-traditional elementor-list-item-link-full_width elementor-widget elementor-widget-icon-list\" data-id=\"ec13e49\" data-element_type=\"widget\" data-e-type=\"widget\" data-widget_type=\"icon-list.default\">\n\t\t\t\t<div class=\"elementor-widget-container\">\n\t\t\t\t\t\t\t<ul class=\"elementor-icon-list-items\">\n\t\t\t\t\t\t\t<li class=\"elementor-icon-list-item\">\n\t\t\t\t\t\t\t\t\t\t\t<a href=\"tel:3414650101\">\n\n\t\t\t\t\t\t\t\t\t\t\t\t<span class=\"elementor-icon-list-icon\">\n\t\t\t\t\t\t\t<i aria-hidden=\"true\" class=\"isax icon-mobile1\"><\/i>\t\t\t\t\t\t<\/span>\n\t\t\t\t\t\t\t\t\t\t<span class=\"elementor-icon-list-text\">341 4417217<\/span>\n\t\t\t\t\t\t\t\t\t\t\t<\/a>\n\t\t\t\t\t\t\t\t\t<\/li>\n\t\t\t\t\t\t\t\t<li class=\"elementor-icon-list-item\">\n\t\t\t\t\t\t\t\t\t\t\t<span class=\"elementor-icon-list-icon\">\n\t\t\t\t\t\t\t<i aria-hidden=\"true\" class=\"isax icon-clock-11\"><\/i>\t\t\t\t\t\t<\/span>\n\t\t\t\t\t\t\t\t\t\t<span class=\"elementor-icon-list-text\">lu \u2013 vie: 06:30 \u2013 14:30 hs<\/span>\n\t\t\t\t\t\t\t\t\t<\/li>\n\t\t\t\t\t\t<\/ul>\n\t\t\t\t\t\t<\/div>\n\t\t\t\t<\/div>\n\t\t\t\t<\/div>\n\t\t\t\t<\/div>\n\t\t<div class=\"elementor-element elementor-element-c0114c7 e-con-full e-flex e-con e-child\" data-id=\"c0114c7\" data-element_type=\"container\" data-e-type=\"container\">\n\t\t<div class=\"elementor-element elementor-element-ab7ce90 e-con-full e-flex e-con e-child\" data-id=\"ab7ce90\" data-element_type=\"container\" data-e-type=\"container\">\n\t\t\t\t<div class=\"elementor-element elementor-element-12805c4 elementor-icon-list--layout-traditional elementor-list-item-link-full_width elementor-widget elementor-widget-icon-list\" data-id=\"12805c4\" data-element_type=\"widget\" data-e-type=\"widget\" data-widget_type=\"icon-list.default\">\n\t\t\t\t<div class=\"elementor-widget-container\">\n\t\t\t\t\t\t\t<ul class=\"elementor-icon-list-items\">\n\t\t\t\t\t\t\t<li class=\"elementor-icon-list-item\">\n\t\t\t\t\t\t\t\t\t\t\t<a href=\"mailto:ventas@ilumros.com.ar\">\n\n\t\t\t\t\t\t\t\t\t\t\t\t<span class=\"elementor-icon-list-icon\">\n\t\t\t\t\t\t\t<i aria-hidden=\"true\" class=\"isax icon-direct-send1\"><\/i>\t\t\t\t\t\t<\/span>\n\t\t\t\t\t\t\t\t\t\t<span class=\"elementor-icon-list-text\">ventas@ilumros.com.ar<\/span>\n\t\t\t\t\t\t\t\t\t\t\t<\/a>\n\t\t\t\t\t\t\t\t\t<\/li>\n\t\t\t\t\t\t<\/ul>\n\t\t\t\t\t\t<\/div>\n\t\t\t\t<\/div>\n\t\t\t\t<\/div>\n\t\t\t\t<\/div>\n\t\t\t\t<\/div>\n\t\t<div class=\"elementor-element elementor-element-7d91f9e e-con-full e-flex e-con e-child\" data-id=\"7d91f9e\" data-element_type=\"container\" data-e-type=\"container\">\n\t\t\t\t<div class=\"elementor-element elementor-element-93b024a elementor-widget elementor-widget-text-editor\" data-id=\"93b024a\" data-element_type=\"widget\" data-e-type=\"widget\" data-widget_type=\"text-editor.default\">\n\t\t\t\t<div class=\"elementor-widget-container\">\n\t\t\t\t\t\t\t\t\t<p>Complet\u00e1 el formulario y un asesor de <strong>ILUMROS<\/strong> se pondr\u00e1 en contacto en breve. Estamos para ayudarte con cotizaciones, consultas t\u00e9cnicas o informaci\u00f3n de productos.<\/p>\t\t\t\t\t\t\t\t<\/div>\n\t\t\t\t<\/div>\n\t\t\t\t<div class=\"elementor-element elementor-element-4428a8d elementor-widget elementor-widget-text-editor\" data-id=\"4428a8d\" data-element_type=\"widget\" data-e-type=\"widget\" data-widget_type=\"text-editor.default\">\n\t\t\t\t<div class=\"elementor-widget-container\">\n\t\t\t\t\t\t\t\t\t<p>\n<div class=\"wpcf7 no-js\" id=\"wpcf7-f6-o1\" lang=\"es-AR\" dir=\"ltr\" data-wpcf7-id=\"6\">\n<div class=\"screen-reader-response\"><p role=\"status\" aria-live=\"polite\" aria-atomic=\"true\"><\/p> <ul><\/ul><\/div>\n<form action=\"\/es\/wp-json\/wp\/v2\/pages\/875#wpcf7-f6-o1\" method=\"post\" class=\"wpcf7-form init\" aria-label=\"Formulario de contacto\" novalidate=\"novalidate\" data-status=\"init\" data-trp-original-action=\"\/es\/wp-json\/wp\/v2\/pages\/875#wpcf7-f6-o1\">\n<fieldset class=\"hidden-fields-container\"><input type=\"hidden\" name=\"_wpcf7\" value=\"6\" \/><input type=\"hidden\" name=\"_wpcf7_version\" value=\"6.1.5\" \/><input type=\"hidden\" name=\"_wpcf7_locale\" value=\"es_AR\" \/><input type=\"hidden\" name=\"_wpcf7_unit_tag\" value=\"wpcf7-f6-o1\" \/><input type=\"hidden\" name=\"_wpcf7_container_post\" value=\"0\" \/><input type=\"hidden\" name=\"_wpcf7_posted_data_hash\" value=\"\" \/>\n<\/fieldset>\n<label> Tu nombre\n    <span class=\"wpcf7-form-control-wrap\" data-name=\"your-name\"><input size=\"40\" maxlength=\"400\" class=\"wpcf7-form-control wpcf7-text wpcf7-validates-as-required\" autocomplete=\"name\" aria-required=\"true\" aria-invalid=\"false\" value=\"\" type=\"text\" name=\"your-name\" \/><\/span> <\/label>\n\n<label> Tu correo electr\u00f3nico\n    <span class=\"wpcf7-form-control-wrap\" data-name=\"your-email\"><input size=\"40\" maxlength=\"400\" class=\"wpcf7-form-control wpcf7-email wpcf7-validates-as-required wpcf7-text wpcf7-validates-as-email\" autocomplete=\"email\" aria-required=\"true\" aria-invalid=\"false\" value=\"\" type=\"email\" name=\"your-email\" \/><\/span> <\/label>\n\n<label> Asunto\n    <span class=\"wpcf7-form-control-wrap\" data-name=\"your-subject\"><input size=\"40\" maxlength=\"400\" class=\"wpcf7-form-control wpcf7-text wpcf7-validates-as-required\" aria-required=\"true\" aria-invalid=\"false\" value=\"\" type=\"text\" name=\"your-subject\" \/><\/span> <\/label>\n\n<label> Tu mensaje (opcional)\n    <span class=\"wpcf7-form-control-wrap\" data-name=\"your-message\"><textarea cols=\"40\" rows=\"10\" maxlength=\"2000\" class=\"wpcf7-form-control wpcf7-textarea\" aria-invalid=\"false\" name=\"your-message\"><\/textarea><\/span> <\/label>\n\n<input class=\"wpcf7-form-control wpcf7-submit has-spinner\" type=\"submit\" value=\"Enviar\" \/><div class=\"wpcf7-response-output\" aria-hidden=\"true\"><\/div>\n<input type=\"hidden\" name=\"trp-form-language\" value=\"es\"\/><\/form>\n<\/div>\n<\/p>\t\t\t\t\t\t\t\t<\/div>\n\t\t\t\t<\/div>\n\t\t\t\t<\/div>\n\t\t\t\t\t<\/div>\n\t\t\t\t<\/div>\n\t\t<div class=\"elementor-element elementor-element-282ce50 e-flex e-con-boxed e-con e-parent\" data-id=\"282ce50\" data-element_type=\"container\" data-e-type=\"container\">\n\t\t\t\t\t<div class=\"e-con-inner\">\n\t\t<div class=\"elementor-element elementor-element-4e3f7af e-con-full e-flex e-con e-child\" data-id=\"4e3f7af\" data-element_type=\"container\" data-e-type=\"container\">\n\t\t\t\t<div class=\"elementor-element elementor-element-50d757a elementor-widget elementor-widget-heading\" data-id=\"50d757a\" data-element_type=\"widget\" data-e-type=\"widget\" data-widget_type=\"heading.default\">\n\t\t\t\t<div class=\"elementor-widget-container\">\n\t\t\t\t\t<h2 class=\"elementor-heading-title elementor-size-default\">De Rosario, a todo el pa\u00eds.<\/h2>\t\t\t\t<\/div>\n\t\t\t\t<\/div>\n\t\t\t\t<\/div>\n\t\t\t\t\t<\/div>\n\t\t\t\t<\/div>\n\t\t<div class=\"elementor-element elementor-element-8d3e687 e-flex e-con-boxed e-con e-parent\" data-id=\"8d3e687\" data-element_type=\"container\" data-e-type=\"container\">\n\t\t\t\t\t<div class=\"e-con-inner\">\n\t\t\t\t<div class=\"elementor-element elementor-element-3c2f429 elementor-widget elementor-widget-google_maps\" data-id=\"3c2f429\" data-element_type=\"widget\" data-e-type=\"widget\" data-widget_type=\"google_maps.default\">\n\t\t\t\t<div class=\"elementor-widget-container\">\n\t\t\t\t\t\t\t<div class=\"elementor-custom-embed\">\n\t\t\t<iframe loading=\"lazy\"\n\t\t\t\t\tsrc=\"https:\/\/maps.google.com\/maps?q=HLC%2C%20Thorne%205573%2C%20S2012HLC%20Rosario%2C%20Santa%20Fe%2C%20Argentina&#038;t=m&#038;z=13&#038;output=embed&#038;iwloc=near\"\n\t\t\t\t\ttitle=\"HLC, Thorne 5573, S2012HLC Rosario, Santa Fe, Argentina\"\n\t\t\t\t\taria-label=\"HLC, Thorne 5573, S2012HLC Rosario, Santa Fe, Argentina\"\n\t\t\t><\/iframe>\n\t\t<\/div>\n\t\t\t\t\t\t<\/div>\n\t\t\t\t<\/div>\n\t\t\t\t\t<\/div>\n\t\t\t\t<\/div>\n\t\t\t\t<\/div>","protected":false},"excerpt":{"rendered":"<p>Env\u00edanos tu consulta En ILUMROS brindamos soluciones en iluminaci\u00f3n con atenci\u00f3n personalizada y respuesta \u00e1gil. Complet\u00e1 el formulario o escribinos por WhatsApp para recibir tu cotizaci\u00f3n sin compromiso. Pje Thorne 5573 Ciudad: Rosario (2000) 341 4417217 lu \u2013 vie: 06:30 \u2013 14:30 hs ventas@ilumros.com.ar Complet\u00e1 el formulario y un asesor de ILUMROS se pondr\u00e1 en [&hellip;]<\/p>\n","protected":false},"author":2,"featured_media":0,"parent":0,"menu_order":0,"comment_status":"closed","ping_status":"closed","template":"","meta":{"_acf_changed":false,"_joinchat":[],"footnotes":""},"class_list":["post-875","page","type-page","status-publish","hentry"],"acf":[],"yoast_head":"<!-- This site is optimized with the Yoast SEO plugin v27.5 - https:\/\/yoast.com\/product\/yoast-seo-wordpress\/ -->\n<title>Contacto - Ilumros<\/title>\n<meta name=\"robots\" content=\"index, follow, max-snippet:-1, max-image-preview:large, max-video-preview:-1\" \/>\n<link rel=\"canonical\" href=\"https:\/\/ilumros.com.ar\/es\/contacto\/\" \/>\n<meta property=\"og:locale\" content=\"es_ES\" \/>\n<meta property=\"og:type\" content=\"article\" \/>\n<meta property=\"og:title\" content=\"Contacto - Ilumros\" \/>\n<meta property=\"og:description\" content=\"Env\u00edanos tu consulta En ILUMROS brindamos soluciones en iluminaci\u00f3n con atenci\u00f3n personalizada y respuesta \u00e1gil. Complet\u00e1 el formulario o escribinos por WhatsApp para recibir tu cotizaci\u00f3n sin compromiso. Pje Thorne 5573 Ciudad: Rosario (2000) 341 4417217 lu \u2013 vie: 06:30 \u2013 14:30 hs ventas@ilumros.com.ar Complet\u00e1 el formulario y un asesor de ILUMROS se pondr\u00e1 en [&hellip;]\" \/>\n<meta property=\"og:url\" content=\"https:\/\/ilumros.com.ar\/es\/contacto\/\" \/>\n<meta property=\"og:site_name\" content=\"Ilumros\" \/>\n<meta property=\"article:modified_time\" content=\"2025-10-06T09:05:51+00:00\" \/>\n<meta name=\"twitter:card\" content=\"summary_large_image\" \/>\n<meta name=\"twitter:label1\" content=\"Tiempo de lectura\" \/>\n\t<meta name=\"twitter:data1\" content=\"1 minuto\" \/>\n<script type=\"application\/ld+json\" class=\"yoast-schema-graph\">{\"@context\":\"https:\\\/\\\/schema.org\",\"@graph\":[{\"@type\":\"WebPage\",\"@id\":\"https:\\\/\\\/ilumros.com.ar\\\/contacto\\\/\",\"url\":\"https:\\\/\\\/ilumros.com.ar\\\/contacto\\\/\",\"name\":\"Contacto - Ilumros\",\"isPartOf\":{\"@id\":\"https:\\\/\\\/ilumros.com.ar\\\/#website\"},\"datePublished\":\"2023-08-11T11:14:58+00:00\",\"dateModified\":\"2025-10-06T09:05:51+00:00\",\"breadcrumb\":{\"@id\":\"https:\\\/\\\/ilumros.com.ar\\\/contacto\\\/#breadcrumb\"},\"inLanguage\":\"es-AR\",\"potentialAction\":[{\"@type\":\"ReadAction\",\"target\":[\"https:\\\/\\\/ilumros.com.ar\\\/contacto\\\/\"]}]},{\"@type\":\"BreadcrumbList\",\"@id\":\"https:\\\/\\\/ilumros.com.ar\\\/contacto\\\/#breadcrumb\",\"itemListElement\":[{\"@type\":\"ListItem\",\"position\":1,\"name\":\"Inicio\",\"item\":\"https:\\\/\\\/ilumros.com.ar\\\/\"},{\"@type\":\"ListItem\",\"position\":2,\"name\":\"Contacto\"}]},{\"@type\":\"WebSite\",\"@id\":\"https:\\\/\\\/ilumros.com.ar\\\/#website\",\"url\":\"https:\\\/\\\/ilumros.com.ar\\\/\",\"name\":\"Ilumros\",\"description\":\"Sabemos lo que hacemos, creamos lo que te gusta\",\"publisher\":{\"@id\":\"https:\\\/\\\/ilumros.com.ar\\\/#organization\"},\"potentialAction\":[{\"@type\":\"SearchAction\",\"target\":{\"@type\":\"EntryPoint\",\"urlTemplate\":\"https:\\\/\\\/ilumros.com.ar\\\/?s={search_term_string}\"},\"query-input\":{\"@type\":\"PropertyValueSpecification\",\"valueRequired\":true,\"valueName\":\"search_term_string\"}}],\"inLanguage\":\"es-AR\"},{\"@type\":\"Organization\",\"@id\":\"https:\\\/\\\/ilumros.com.ar\\\/#organization\",\"name\":\"Ilumros\",\"url\":\"https:\\\/\\\/ilumros.com.ar\\\/\",\"logo\":{\"@type\":\"ImageObject\",\"inLanguage\":\"es-AR\",\"@id\":\"https:\\\/\\\/ilumros.com.ar\\\/#\\\/schema\\\/logo\\\/image\\\/\",\"url\":\"https:\\\/\\\/ilumros.com.ar\\\/wp-content\\\/uploads\\\/2025\\\/05\\\/2-scaled.png\",\"contentUrl\":\"https:\\\/\\\/ilumros.com.ar\\\/wp-content\\\/uploads\\\/2025\\\/05\\\/2-scaled.png\",\"width\":2560,\"height\":1669,\"caption\":\"Ilumros\"},\"image\":{\"@id\":\"https:\\\/\\\/ilumros.com.ar\\\/#\\\/schema\\\/logo\\\/image\\\/\"}}]}<\/script>\n<!-- \/ Yoast SEO plugin. -->","yoast_head_json":{"title":"Contacto - Ilumros","robots":{"index":"index","follow":"follow","max-snippet":"max-snippet:-1","max-image-preview":"max-image-preview:large","max-video-preview":"max-video-preview:-1"},"canonical":"https:\/\/ilumros.com.ar\/es\/contacto\/","og_locale":"es_ES","og_type":"article","og_title":"Contacto - Ilumros","og_description":"Env\u00edanos tu consulta En ILUMROS brindamos soluciones en iluminaci\u00f3n con atenci\u00f3n personalizada y respuesta \u00e1gil. Complet\u00e1 el formulario o escribinos por WhatsApp para recibir tu cotizaci\u00f3n sin compromiso. Pje Thorne 5573 Ciudad: Rosario (2000) 341 4417217 lu \u2013 vie: 06:30 \u2013 14:30 hs ventas@ilumros.com.ar Complet\u00e1 el formulario y un asesor de ILUMROS se pondr\u00e1 en [&hellip;]","og_url":"https:\/\/ilumros.com.ar\/es\/contacto\/","og_site_name":"Ilumros","article_modified_time":"2025-10-06T09:05:51+00:00","twitter_card":"summary_large_image","twitter_misc":{"Tiempo de lectura":"1 minuto"},"schema":{"@context":"https:\/\/schema.org","@graph":[{"@type":"WebPage","@id":"https:\/\/ilumros.com.ar\/contacto\/","url":"https:\/\/ilumros.com.ar\/contacto\/","name":"Contacto - Ilumros","isPartOf":{"@id":"https:\/\/ilumros.com.ar\/#website"},"datePublished":"2023-08-11T11:14:58+00:00","dateModified":"2025-10-06T09:05:51+00:00","breadcrumb":{"@id":"https:\/\/ilumros.com.ar\/contacto\/#breadcrumb"},"inLanguage":"es-AR","potentialAction":[{"@type":"ReadAction","target":["https:\/\/ilumros.com.ar\/contacto\/"]}]},{"@type":"BreadcrumbList","@id":"https:\/\/ilumros.com.ar\/contacto\/#breadcrumb","itemListElement":[{"@type":"ListItem","position":1,"name":"Inicio","item":"https:\/\/ilumros.com.ar\/"},{"@type":"ListItem","position":2,"name":"Contacto"}]},{"@type":"WebSite","@id":"https:\/\/ilumros.com.ar\/#website","url":"https:\/\/ilumros.com.ar\/","name":"Ilumros","description":"Sabemos lo que hacemos, creamos lo que te gusta","publisher":{"@id":"https:\/\/ilumros.com.ar\/#organization"},"potentialAction":[{"@type":"SearchAction","target":{"@type":"EntryPoint","urlTemplate":"https:\/\/ilumros.com.ar\/?s={search_term_string}"},"query-input":{"@type":"PropertyValueSpecification","valueRequired":true,"valueName":"search_term_string"}}],"inLanguage":"es-AR"},{"@type":"Organization","@id":"https:\/\/ilumros.com.ar\/#organization","name":"Ilumros","url":"https:\/\/ilumros.com.ar\/","logo":{"@type":"ImageObject","inLanguage":"es-AR","@id":"https:\/\/ilumros.com.ar\/#\/schema\/logo\/image\/","url":"https:\/\/ilumros.com.ar\/wp-content\/uploads\/2025\/05\/2-scaled.png","contentUrl":"https:\/\/ilumros.com.ar\/wp-content\/uploads\/2025\/05\/2-scaled.png","width":2560,"height":1669,"caption":"Ilumros"},"image":{"@id":"https:\/\/ilumros.com.ar\/#\/schema\/logo\/image\/"}}]}},"_links":{"self":[{"href":"https:\/\/ilumros.com.ar\/es\/wp-json\/wp\/v2\/pages\/875","targetHints":{"allow":["GET"]}}],"collection":[{"href":"https:\/\/ilumros.com.ar\/es\/wp-json\/wp\/v2\/pages"}],"about":[{"href":"https:\/\/ilumros.com.ar\/es\/wp-json\/wp\/v2\/types\/page"}],"author":[{"embeddable":true,"href":"https:\/\/ilumros.com.ar\/es\/wp-json\/wp\/v2\/users\/2"}],"replies":[{"embeddable":true,"href":"https:\/\/ilumros.com.ar\/es\/wp-json\/wp\/v2\/comments?post=875"}],"version-history":[{"count":58,"href":"https:\/\/ilumros.com.ar\/es\/wp-json\/wp\/v2\/pages\/875\/revisions"}],"predecessor-version":[{"id":7420,"href":"https:\/\/ilumros.com.ar\/es\/wp-json\/wp\/v2\/pages\/875\/revisions\/7420"}],"wp:attachment":[{"href":"https:\/\/ilumros.com.ar\/es\/wp-json\/wp\/v2\/media?parent=875"}],"curies":[{"name":"wp","href":"https:\/\/api.w.org\/{rel}","templated":true}]}}